{"id":2197,"date":"2026-04-23T03:59:53","date_gmt":"2026-04-23T01:59:53","guid":{"rendered":"https:\/\/zulumaps.com\/about\/"},"modified":"2026-04-29T01:35:26","modified_gmt":"2026-04-28T23:35:26","slug":"about","status":"publish","type":"page","link":"https:\/\/zulumaps.com\/de\/about\/","title":{"rendered":"About"},"content":{"rendered":"\t\t<div data-elementor-type=\"wp-post\" data-elementor-id=\"2197\" class=\"elementor elementor-2197 elementor-1557\" data-elementor-post-type=\"page\">\n\t\t\t\t<div class=\"elementor-element elementor-element-06fb19d e-flex e-con-boxed e-con e-parent\" data-id=\"06fb19d\" data-element_type=\"container\" data-e-type=\"container\">\n\t\t\t\t\t<div class=\"e-con-inner\">\n\t\t\t\t<div class=\"elementor-element elementor-element-b4afe8f elementor-widget elementor-widget-heading\" data-id=\"b4afe8f\" data-element_type=\"widget\" data-e-type=\"widget\" data-widget_type=\"heading.default\">\n\t\t\t\t\t<h2 class=\"elementor-heading-title elementor-size-default\">\u00dcber uns<\/h2>\t\t\t\t<\/div>\n\t\t\t\t\t<\/div>\n\t\t\t\t<\/div>\n\t\t<div class=\"elementor-element elementor-element-87c089a e-flex e-con-boxed e-con e-parent\" data-id=\"87c089a\" data-element_type=\"container\" data-e-type=\"container\">\n\t\t\t\t\t<div class=\"e-con-inner\">\n\t\t\t\t<div class=\"elementor-element elementor-element-48564aa elementor-widget elementor-widget-text-editor\" data-id=\"48564aa\" data-element_type=\"widget\" data-e-type=\"widget\" data-widget_type=\"text-editor.default\">\n\t\t\t\t\t\t\t\t\t<p><strong>Deine Geschichte. Deine St\u00e4rke. Deine Kunst.<\/strong><\/p><p>Bei Zulumaps glauben wir daran, dass dein Zuhause ein lebendiges Spiegelbild deiner stolzesten Momente und deiner liebsten Erinnerungen sein sollte. Wir m\u00f6chten dich dazu inspirieren, den wundersch\u00f6nen, kurvenreichen Weg deines Lebens zu feiern \u2013 um dich jeden Tag daran zu erinnern, wie weit du bereits gekommen bist, und gleichzeitig eine stille Vorfreude auf die Abenteuer zu wecken, die noch vor dir liegen.<\/p><p>Wir wissen, dass du die Summe unglaublicher Erfahrungen bist. Deshalb widmen wir uns der Gestaltung tiefgr\u00fcndiger, personalisierter Kunstwerke, die mehr tun, als nur eine leere Wand zu f\u00fcllen. Unser Ziel ist es, Kunst zu schaffen, die dein Selbstvertrauen st\u00e4rkt, deine allt\u00e4gliche Kreativit\u00e4t befl\u00fcgelt und als t\u00e4gliches Zeugnis deiner inneren St\u00e4rke dient. Ganz gleich, ob du einen entscheidenden Meilenstein festh\u00e4ltst, eine kostbare Erinnerung ehrst oder die Menschen feierst, die du am meisten liebst \u2013 wir wollen die Leinwand sein, auf der deine Dankbarkeit Gestalt annimmt.<\/p><p>Ein Kunstwerk mit Zulumaps zu erschaffen, ist mehr als nur reine Dekoration; es ist ein aktives Feiern deiner pers\u00f6nlichen Resilienz und deines Wachstums. Wir sind hier, um dir dabei zu helfen, dich mit Kunst zu umgeben, die genau das hervorhebt, was dich einzigartig macht. So erz\u00e4hlst du an deinen W\u00e4nden die Geschichte, auf die du am stolzesten bist.<\/p>\t\t\t\t\t\t\t\t<\/div>\n\t\t\t\t\t<\/div>\n\t\t\t\t<\/div>\n\t\t<div class=\"elementor-element elementor-element-1844e6b e-flex e-con-boxed e-con e-parent\" data-id=\"1844e6b\" data-element_type=\"container\" data-e-type=\"container\">\n\t\t\t\t\t<div class=\"e-con-inner\">\n\t\t\t\t<div class=\"elementor-element elementor-element-ab781ee elementor-widget elementor-widget-text-editor\" data-id=\"ab781ee\" data-element_type=\"widget\" data-e-type=\"widget\" data-widget_type=\"text-editor.default\">\n\t\t\t\t\t\t\t\t\t<p><strong>Geschaffen f\u00fcr die Ewigkeit, entworfen um zu inspirieren.<\/strong><\/p><p>Jedes Material, das wir verwenden, erz\u00e4hlt eine Geschichte \u2013 eine, die in Verantwortung verwurzelt ist. Unser Papier und Holz w\u00e4hlen wir mit Blick auf Nachhaltigkeit aus, und der gesamte Druck erfolgt lokal, um unseren \u00f6kologischen Fu\u00dfabdruck klein zu halten. Die Poster, die du bei uns gestaltest, werden auf FSC\u00ae-zertifiziertem Papier gedruckt. Das bedeutet, dass jedes Blatt strengen Umweltstandards entspricht und aus verantwortungsvoll bewirtschafteten Quellen stammt. Denn die Dinge, die es wert sind, an deiner Wand zu h\u00e4ngen, sollten dich von innen wie von au\u00dfen stolz machen.<\/p>\t\t\t\t\t\t\t\t<\/div>\n\t\t\t\t\t<\/div>\n\t\t\t\t<\/div>\n\t\t\t\t<\/div>\n\t\t","protected":false},"excerpt":{"rendered":"<p>\u00dcber uns Deine Geschichte. Deine St\u00e4rke. Deine Kunst. Bei Zulumaps glauben wir daran, dass dein Zuhause ein lebendiges Spiegelbild deiner stolzesten Momente und deiner liebsten Erinnerungen sein sollte. Wir m\u00f6chten dich dazu inspirieren, den wundersch\u00f6nen, kurvenreichen Weg deines Lebens zu feiern \u2013 um dich jeden Tag daran zu erinnern, wie weit du bereits gekommen bist, [&hellip;]<\/p>\n","protected":false},"author":1,"featured_media":0,"parent":0,"menu_order":0,"comment_status":"closed","ping_status":"closed","template":"","meta":{"footnotes":""},"class_list":["post-2197","page","type-page","status-publish","hentry"],"_links":{"self":[{"href":"https:\/\/zulumaps.com\/de\/wp-json\/wp\/v2\/pages\/2197","targetHints":{"allow":["GET"]}}],"collection":[{"href":"https:\/\/zulumaps.com\/de\/wp-json\/wp\/v2\/pages"}],"about":[{"href":"https:\/\/zulumaps.com\/de\/wp-json\/wp\/v2\/types\/page"}],"author":[{"embeddable":true,"href":"https:\/\/zulumaps.com\/de\/wp-json\/wp\/v2\/users\/1"}],"replies":[{"embeddable":true,"href":"https:\/\/zulumaps.com\/de\/wp-json\/wp\/v2\/comments?post=2197"}],"version-history":[{"count":4,"href":"https:\/\/zulumaps.com\/de\/wp-json\/wp\/v2\/pages\/2197\/revisions"}],"predecessor-version":[{"id":2264,"href":"https:\/\/zulumaps.com\/de\/wp-json\/wp\/v2\/pages\/2197\/revisions\/2264"}],"wp:attachment":[{"href":"https:\/\/zulumaps.com\/de\/wp-json\/wp\/v2\/media?parent=2197"}],"curies":[{"name":"wp","href":"https:\/\/api.w.org\/{rel}","templated":true}]}}